{"id":29,"date":"2008-01-04T20:55:57","date_gmt":"2008-01-04T18:55:57","guid":{"rendered":"http:\/\/www.dance-fields.de\/?page_id=29&#038;langswitch_lang=en"},"modified":"2011-09-03T20:34:36","modified_gmt":"2011-09-03T18:34:36","slug":"planet-hope","status":"publish","type":"page","link":"https:\/\/www.dance-fields.de\/en\/projekte\/planet-hope\/","title":{"rendered":"Planet Hope"},"content":{"rendered":"<p>&#8211; neue Impulse in alten Strukturen<\/p>\n<p>&nbsp;<\/p>\n<p>Ein Projekt zum Thema Migration und Integration<\/p>\n<p>Eine Hommage an die Vielfalt der Kulturen. Internationale K\u00fcnstler kreieren ein gemeinsames Werk. Ihre Geschichten entstehen in Bezug zum Raum. Sie erz\u00e4hlen von Begegnung. Menschen unterschiedlicher Herkunft schaffen Verbindungen und gestalten gemeinsam Neues.                                                                                                             Die Sch\u00f6nheit des Kontrastes zwischen bewegtem, lebendigem Tanz und statischen, architektonischen Gebilden l\u00e4sst ber\u00fchrende Bilder entstehen &#8211; zuweilen zart, kraftvoll, skurril und bewegend.<\/p>\n<p>R\u00e4ume werden ge\u00f6ffnet, neu beschritten und Beziehungen \u00fcber die Entfernung hinweg geschaffen.<\/p>\n<p>Der Tanz, kopf\u00fcber und in der Horizontalen, verdreht die Perspektive der Zuschauer und \u00f6ffnet neue Blickwinkel.            Die Musik schafft eine Verbindung zwischen den verschiedenen Welten. In ihr flie\u00dfen Rhythmen und Melodien unterschiedlicher Kulturen mit neuer, zeitgen\u00f6ssischer Musik zusammen.                                                                                  Der Tanz in luftiger H\u00f6he auf dem Industriegeb\u00e4ude wird dem Zuschauer durch Videoprojektion in n\u00e4chste N\u00e4he gebracht. So wird auch die Feinheit des t\u00e4nzerischen Ausdruckes transportiert, den die DarstellerInnen verk\u00f6rpern.<\/p>\n<p>An  interdisziplinary aerial dance Performance<\/p>\n<p>Artistic direction: Gabriele Koch + Judith Latta<\/p>\n<p><a title=\"PH\" href=\"http:\/\/www.dance-fields.de\/wp-content\/uploads\/2008\/01\/_mg_6.jpg\" rel=\"lightbox[29]\"><img src=\"http:\/\/www.dance-fields.de\/wp-content\/uploads\/2008\/01\/_mg_6.jpg\" alt=\"PH\" \/><\/a>&#8211; open new visions by setting architectural stuctures in a new light<\/p>\n<p>&#8211; marvoulous dance inbetween exciting hights and the ground<\/p>\n<p>&#8211; artistic, breathtaking highlights<\/p>\n<p>&#8211; changing perspektive upside down, to a surprising new vieuw<\/p>\n<p>&#8211; touching stories over a far distance and deeply close<\/p>\n<p>An \u201cHommage\u201d to coulorful multiplicity of cultures<\/p>\n<p>International artists creating a commen artwork. The stories developping in relation to space, telling about &#8211; hights and depth &#8211; longing and hope &#8211; joy of life. The meeting of human beings from differnt cultures develops stories about leaving home, being in a strange place, finding connections creating something new by exchange. The beauty of the contrast between lively dance and static, architectural building creates poetical and touching images &#8211; tender, powerful and tauching. Space is opening up, invented new, relations build over the distance. The dance headover and horizontal turns the perspektive of the spectator. It opens new visions. The music creates a connection between the different cultural worlds, mixing contemporary wich traditional music. Different rhythems and melodies comming together with the sound of the various languages, solving in new harmony. The dancers integrating their own personal stories, talking and singing about memories, experiences and visions. The dance happening in in exciting hights is transported by a videoscreening close up to the public. This brings the delicate of personality and the expression of the dancers into the focus. The result is a production which combines dance, theatre, acrobatic, music, videoprojection and architecture to a whole unit.<\/p>\n<a href=\"http:\/\/www.facebook.com\/share.php?u=https%3A%2F%2Fwww.dance-fields.de%2Fen%2Fprojekte%2Fplanet-hope%2F&amp;t=%3C%21--%3Ade--%3EPlanet%20Hope%3C%21--%3A--%3E%3C%21--%3Aen--%3EPlanet%20Hope%3C%21--%3A--%3E\" id=\"facebook_share_both_29\" style=\"font-size:11px; line-height:13px; font-family:'lucida grande',tahoma,verdana,arial,sans-serif; text-decoration:none; padding:2px 0 0 20px; height:16px; background:url(http:\/\/b.static.ak.fbcdn.net\/images\/share\/facebook_share_icon.gif) no-repeat top left;\">Share on Facebook<\/a>\r\n\t<script type=\"text\/javascript\">\r\n\t<!--\r\n\tvar button = document.getElementById('facebook_share_link_29') || document.getElementById('facebook_share_icon_29') || document.getElementById('facebook_share_both_29') || document.getElementById('facebook_share_button_29');\r\n\tif (button) {\r\n\t\tbutton.onclick = function(e) {\r\n\t\t\tvar url = this.href.replace(\/share\\.php\/, 'sharer.php');\r\n\t\t\twindow.open(url,'sharer','toolbar=0,status=0,width=626,height=436');\r\n\t\t\treturn false;\r\n\t\t}\r\n\t\r\n\t\tif (button.id === 'facebook_share_button_29') {\r\n\t\t\tbutton.onmouseover = function(){\r\n\t\t\t\tthis.style.color='#fff';\r\n\t\t\t\tthis.style.borderColor = '#295582';\r\n\t\t\t\tthis.style.backgroundColor = '#3b5998';\r\n\t\t\t}\r\n\t\t\tbutton.onmouseout = function(){\r\n\t\t\t\tthis.style.color = '#3b5998';\r\n\t\t\t\tthis.style.borderColor = '#d8dfea';\r\n\t\t\t\tthis.style.backgroundColor = '#fff';\r\n\t\t\t}\r\n\t\t}\r\n\t}\r\n\t-->\r\n\t<\/script>","protected":false},"excerpt":{"rendered":"<p>&#8211; neue Impulse in alten Strukturen &nbsp; Ein Projekt zum Thema Migration und Integration Eine Hommage an die Vielfalt der Kulturen. Internationale K\u00fcnstler kreieren ein gemeinsames Werk. Ihre Geschichten entstehen in Bezug zum Raum. Sie erz\u00e4hlen von Begegnung. Menschen unterschiedlicher &hellip; <a href=\"https:\/\/www.dance-fields.de\/en\/projekte\/planet-hope\/\">Continue reading <span class=\"meta-nav\">&rarr;<\/span><\/a><\/p>\n<a href=\"http:\/\/www.facebook.com\/share.php?u=https%3A%2F%2Fwww.dance-fields.de%2Fen%2Fprojekte%2Fplanet-hope%2F&amp;t=%3C%21--%3Ade--%3EPlanet%20Hope%3C%21--%3A--%3E%3C%21--%3Aen--%3EPlanet%20Hope%3C%21--%3A--%3E\" id=\"facebook_share_both_29\" style=\"font-size:11px; line-height:13px; font-family:'lucida grande',tahoma,verdana,arial,sans-serif; text-decoration:none; padding:2px 0 0 20px; height:16px; background:url(http:\/\/b.static.ak.fbcdn.net\/images\/share\/facebook_share_icon.gif) no-repeat top left;\">Share on Facebook<\/a>\r\n\t<script type=\"text\/javascript\">\r\n\t<!--\r\n\tvar button = document.getElementById('facebook_share_link_29') || document.getElementById('facebook_share_icon_29') || document.getElementById('facebook_share_both_29') || document.getElementById('facebook_share_button_29');\r\n\tif (button) {\r\n\t\tbutton.onclick = function(e) {\r\n\t\t\tvar url = this.href.replace(\/share\\.php\/, 'sharer.php');\r\n\t\t\twindow.open(url,'sharer','toolbar=0,status=0,width=626,height=436');\r\n\t\t\treturn false;\r\n\t\t}\r\n\t\r\n\t\tif (button.id === 'facebook_share_button_29') {\r\n\t\t\tbutton.onmouseover = function(){\r\n\t\t\t\tthis.style.color='#fff';\r\n\t\t\t\tthis.style.borderColor = '#295582';\r\n\t\t\t\tthis.style.backgroundColor = '#3b5998';\r\n\t\t\t}\r\n\t\t\tbutton.onmouseout = function(){\r\n\t\t\t\tthis.style.color = '#3b5998';\r\n\t\t\t\tthis.style.borderColor = '#d8dfea';\r\n\t\t\t\tthis.style.backgroundColor = '#fff';\r\n\t\t\t}\r\n\t\t}\r\n\t}\r\n\t-->\r\n\t<\/script>\r\n\t","protected":false},"author":3,"featured_media":0,"parent":19,"menu_order":0,"comment_status":"closed","ping_status":"closed","template":"","meta":[],"_links":{"self":[{"href":"https:\/\/www.dance-fields.de\/en\/wp-json\/wp\/v2\/pages\/29"}],"collection":[{"href":"https:\/\/www.dance-fields.de\/en\/wp-json\/wp\/v2\/pages"}],"about":[{"href":"https:\/\/www.dance-fields.de\/en\/wp-json\/wp\/v2\/types\/page"}],"author":[{"embeddable":true,"href":"https:\/\/www.dance-fields.de\/en\/wp-json\/wp\/v2\/users\/3"}],"replies":[{"embeddable":true,"href":"https:\/\/www.dance-fields.de\/en\/wp-json\/wp\/v2\/comments?post=29"}],"version-history":[{"count":2,"href":"https:\/\/www.dance-fields.de\/en\/wp-json\/wp\/v2\/pages\/29\/revisions"}],"predecessor-version":[{"id":345,"href":"https:\/\/www.dance-fields.de\/en\/wp-json\/wp\/v2\/pages\/29\/revisions\/345"}],"up":[{"embeddable":true,"href":"https:\/\/www.dance-fields.de\/en\/wp-json\/wp\/v2\/pages\/19"}],"wp:attachment":[{"href":"https:\/\/www.dance-fields.de\/en\/wp-json\/wp\/v2\/media?parent=29"}],"curies":[{"name":"wp","href":"https:\/\/api.w.org\/{rel}","templated":true}]}}