{"id":747,"date":"2013-06-19T09:58:02","date_gmt":"2013-06-19T07:58:02","guid":{"rendered":"http:\/\/www.dance-fields.de\/?page_id=747"},"modified":"2013-09-19T19:45:24","modified_gmt":"2013-09-19T17:45:24","slug":"festivalprogramm2013","status":"publish","type":"page","link":"https:\/\/www.dance-fields.de\/en\/contango-festival-2013\/festivalprogramm2013\/","title":{"rendered":"Festival Schedule 2013"},"content":{"rendered":"<p><\/p>\n<div id=\"schedule\">\n<table summary=\"\" border=\"1\" cellspacing=\"1\" cellpadding=\"1\">\n<tbody>\n<tr style=\"text-align: center; vertical-align: middle; background-color: #ffffff;\"><!-- 0 0 0 0 Zeile --><\/p>\n<td style=\"text-align: center; vertical-align: middle; background-color: #ffffff;\"><\/td>\n<td style=\"text-align: center; vertical-align: middle;\"><\/td>\n<td style=\"text-align: center; vertical-align: middle;\"><\/td>\n<td style=\"text-align: center; vertical-align: middle;\"><\/td>\n<td style=\"text-align: center; vertical-align: middle;\"><\/td>\n<td style=\"text-align: center; vertical-align: middle;\"><\/td>\n<td style=\"text-align: center; vertical-align: middle;\"><\/td>\n<\/tr>\n<tr><!-- 1 1 1 1 Zeile --><\/p>\n<th style=\"text-align: center; vertical-align: middle;\"><\/th>\n<th style=\"text-align: center; vertical-align: middle;\">Wednesday<\/th>\n<th style=\"text-align: center; vertical-align: middle;\">Thursday<\/th>\n<th style=\"text-align: center; vertical-align: middle;\">Friday<\/th>\n<th style=\"text-align: center; vertical-align: middle;\">Saturday<\/th>\n<th style=\"text-align: center; vertical-align: middle;\">Saturday<\/th>\n<th style=\"text-align: center; vertical-align: middle;\">Sunday<\/th>\n<\/tr>\n<tr style=\"text-align: center; vertical-align: middle; background-color: #ffffff;\"><!-- 2 2 2 2 Zeile --><\/p>\n<td style=\"text-align: center; vertical-align: middle; background-color: #ffffff;\"><\/td>\n<td style=\"text-align: center; vertical-align: middle;\"><\/td>\n<td style=\"text-align: center; vertical-align: middle;\"><\/td>\n<td style=\"text-align: center; vertical-align: middle;\"><\/td>\n<td style=\"text-align: center; vertical-align: middle;\"><\/td>\n<td style=\"text-align: center; vertical-align: middle;\"><\/td>\n<td style=\"text-align: center; vertical-align: middle;\"><\/td>\n<\/tr>\n<tr style=\"font-weight: bold;\"><!-- 3 3 3 3 --><\/p>\n<td style=\"text-align: center; vertical-align: middle;\"><\/td>\n<td style=\"text-align: center; vertical-align: middle;\">Caf\u00e9 Ada<\/td>\n<td style=\"text-align: center; vertical-align: middle;\">Caf\u00e9 Ada<\/td>\n<td style=\"text-align: center; vertical-align: middle;\">Caf\u00e9 Ada<\/td>\n<td style=\"text-align: center; vertical-align: middle;\">Werkstatt<\/td>\n<td style=\"text-align: center; vertical-align: middle;\">Caf\u00e9 Ada<\/td>\n<td style=\"text-align: center; vertical-align: middle;\">Werkstatt<\/td>\n<\/tr>\n<tr><!-- 4 4 4 4 --><\/p>\n<td style=\"text-align: center; vertical-align: middle;\">10<\/td>\n<td style=\"text-align: center; vertical-align: middle;\">Welcome<\/td>\n<td style=\"text-align: center; vertical-align: middle;\"><\/td>\n<td style=\"text-align: center; vertical-align: middle;\"><\/td>\n<td style=\"text-align: center; vertical-align: middle;\"><\/td>\n<td style=\"text-align: center; vertical-align: middle;\"><\/td>\n<td style=\"text-align: center; vertical-align: middle;\"><\/td>\n<\/tr>\n<tr><!-- 5 5 5 5 --><\/p>\n<td style=\"text-align: center; vertical-align: middle;\">11 &#8211; 13<\/td>\n<td style=\"text-align: center; vertical-align: middle;\">Class TF<\/td>\n<td style=\"text-align: center; vertical-align: middle;\">Class JB<\/td>\n<td style=\"text-align: center; vertical-align: middle;\">Class PK<\/td>\n<td style=\"text-align: center; vertical-align: middle;\">Class TF<\/td>\n<td style=\"text-align: center; vertical-align: middle;\">Class AP<\/td>\n<td style=\"text-align: center; vertical-align: middle;\">Class LM<\/td>\n<\/tr>\n<tr>\n<td style=\"text-align: center; vertical-align: middle;\">14 &#8211; 16<\/td>\n<td style=\"text-align: center; vertical-align: middle;\">\n<table summary=\"\" border=\"1\" cellspacing=\"1\" cellpadding=\"1\">\n<tbody>\n<tr>\n<td>Class LM<\/td>\n<\/tr>\n<\/tbody>\n<\/table>\n<\/td>\n<td style=\"text-align: center; vertical-align: middle;\">Research<\/td>\n<td style=\"text-align: center; vertical-align: middle;\">Research<\/td>\n<td style=\"text-align: center; vertical-align: middle;\">Research<\/td>\n<td style=\"text-align: center; vertical-align: middle;\">Class CS<\/td>\n<td style=\"text-align: center; vertical-align: middle;\">\u00a0Sharing into Jam<\/td>\n<\/tr>\n<tr style=\"text-align: center; vertical-align: middle; background-color: #ffffff;\"><!-- 7 7 7 7 --><\/p>\n<td style=\"text-align: center; vertical-align: middle; background-color: #ffffff;\"><\/td>\n<td style=\"text-align: center; vertical-align: middle;\"><\/td>\n<td style=\"text-align: center; vertical-align: middle;\"><\/td>\n<td style=\"text-align: center; vertical-align: middle;\"><\/td>\n<td style=\"text-align: center; vertical-align: middle;\"><\/td>\n<td style=\"text-align: center; vertical-align: middle;\"><\/td>\n<td style=\"text-align: center; vertical-align: middle;\"><\/td>\n<\/tr>\n<tr style=\"font-weight: bold;\"><!-- 8 8 8 8 --><\/p>\n<td style=\"text-align: center; vertical-align: middle;\"><\/td>\n<td style=\"text-align: center; vertical-align: middle;\">Werkstatt<\/td>\n<td style=\"text-align: center; vertical-align: middle;\">Werkstatt<\/td>\n<td style=\"text-align: center; vertical-align: middle;\">Caf\u00e9 Ada<\/td>\n<td style=\"text-align: center; vertical-align: middle;\">Werkstatt<\/td>\n<td style=\"text-align: center; vertical-align: middle;\"><\/td>\n<td style=\"text-align: center; vertical-align: middle;\"><\/td>\n<\/tr>\n<tr><!-- 9 9 9 9 --><\/p>\n<td style=\"text-align: center; vertical-align: middle;\">18\u00bd &#8211; 20<\/td>\n<td style=\"text-align: center; vertical-align: middle;\">Class PK<\/td>\n<td style=\"text-align: center; vertical-align: middle;\">Class CS<\/td>\n<td style=\"text-align: center; vertical-align: middle;\">Class AP<\/td>\n<td style=\"text-align: center; vertical-align: middle;\">Class JB<\/td>\n<td style=\"text-align: center; vertical-align: middle;\"><\/td>\n<td style=\"text-align: center; vertical-align: middle;\"><\/td>\n<\/tr>\n<tr><!-- 10 0 0 0 --><\/p>\n<td style=\"text-align: center; vertical-align: middle;\">20 &#8211; 23<\/td>\n<td style=\"text-align: center; vertical-align: middle;\">Jam<\/td>\n<td style=\"text-align: center; vertical-align: middle;\">Jam<\/td>\n<td style=\"text-align: center; vertical-align: middle;\">Jam<\/td>\n<td style=\"text-align: center; vertical-align: middle;\">Jam<\/td>\n<td style=\"text-align: center; vertical-align: middle;\"><\/td>\n<td style=\"text-align: center; vertical-align: middle;\"><\/td>\n<\/tr>\n<tr style=\"text-align: center; vertical-align: middle; background-color: #ffffff;\"><!-- 11 1 1 1 --><\/p>\n<td style=\"text-align: center; vertical-align: middle; background-color: #ffffff;\"><\/td>\n<td style=\"text-align: center; vertical-align: middle;\"><\/td>\n<td style=\"text-align: center; vertical-align: middle;\"><\/td>\n<td style=\"text-align: center; vertical-align: middle;\"><\/td>\n<td style=\"text-align: center; vertical-align: middle;\"><\/td>\n<td style=\"text-align: center; vertical-align: middle;\"><\/td>\n<td style=\"text-align: center; vertical-align: middle;\"><\/td>\n<\/tr>\n<\/tbody>\n<\/table>\n<\/div>\n<p><\/p>\n<a href=\"http:\/\/www.facebook.com\/share.php?u=https%3A%2F%2Fwww.dance-fields.de%2Fen%2Fcontango-festival-2013%2Ffestivalprogramm2013%2F&amp;t=%3C%21--%3Ade--%3EFestivalprogramm%202013%3C%21--%3A--%3E%3C%21--%3Aen--%3EFestival%20Schedule%202013%3C%21--%3A--%3E\" id=\"facebook_share_both_747\" style=\"font-size:11px; line-height:13px; font-family:'lucida grande',tahoma,verdana,arial,sans-serif; text-decoration:none; padding:2px 0 0 20px; height:16px; background:url(http:\/\/b.static.ak.fbcdn.net\/images\/share\/facebook_share_icon.gif) no-repeat top left;\">Share on Facebook<\/a>\r\n\t<script type=\"text\/javascript\">\r\n\t<!--\r\n\tvar button = document.getElementById('facebook_share_link_747') || document.getElementById('facebook_share_icon_747') || document.getElementById('facebook_share_both_747') || document.getElementById('facebook_share_button_747');\r\n\tif (button) {\r\n\t\tbutton.onclick = function(e) {\r\n\t\t\tvar url = this.href.replace(\/share\\.php\/, 'sharer.php');\r\n\t\t\twindow.open(url,'sharer','toolbar=0,status=0,width=626,height=436');\r\n\t\t\treturn false;\r\n\t\t}\r\n\t\r\n\t\tif (button.id === 'facebook_share_button_747') {\r\n\t\t\tbutton.onmouseover = function(){\r\n\t\t\t\tthis.style.color='#fff';\r\n\t\t\t\tthis.style.borderColor = '#295582';\r\n\t\t\t\tthis.style.backgroundColor = '#3b5998';\r\n\t\t\t}\r\n\t\t\tbutton.onmouseout = function(){\r\n\t\t\t\tthis.style.color = '#3b5998';\r\n\t\t\t\tthis.style.borderColor = '#d8dfea';\r\n\t\t\t\tthis.style.backgroundColor = '#fff';\r\n\t\t\t}\r\n\t\t}\r\n\t}\r\n\t-->\r\n\t<\/script>","protected":false},"excerpt":{"rendered":"<p>Wednesday Thursday Friday Saturday Saturday Sunday Caf\u00e9 Ada Caf\u00e9 Ada Caf\u00e9 Ada Werkstatt Caf\u00e9 Ada Werkstatt 10 Welcome 11 &#8211; 13 Class TF Class JB Class PK Class TF Class AP Class LM 14 &#8211; 16 Class LM Research Research &hellip; <a href=\"https:\/\/www.dance-fields.de\/en\/contango-festival-2013\/festivalprogramm2013\/\">Continue reading <span class=\"meta-nav\">&rarr;<\/span><\/a><\/p>\n<a href=\"http:\/\/www.facebook.com\/share.php?u=https%3A%2F%2Fwww.dance-fields.de%2Fen%2Fcontango-festival-2013%2Ffestivalprogramm2013%2F&amp;t=%3C%21--%3Ade--%3EFestivalprogramm%202013%3C%21--%3A--%3E%3C%21--%3Aen--%3EFestival%20Schedule%202013%3C%21--%3A--%3E\" id=\"facebook_share_both_747\" style=\"font-size:11px; line-height:13px; font-family:'lucida grande',tahoma,verdana,arial,sans-serif; text-decoration:none; padding:2px 0 0 20px; height:16px; background:url(http:\/\/b.static.ak.fbcdn.net\/images\/share\/facebook_share_icon.gif) no-repeat top left;\">Share on Facebook<\/a>\r\n\t<script type=\"text\/javascript\">\r\n\t<!--\r\n\tvar button = document.getElementById('facebook_share_link_747') || document.getElementById('facebook_share_icon_747') || document.getElementById('facebook_share_both_747') || document.getElementById('facebook_share_button_747');\r\n\tif (button) {\r\n\t\tbutton.onclick = function(e) {\r\n\t\t\tvar url = this.href.replace(\/share\\.php\/, 'sharer.php');\r\n\t\t\twindow.open(url,'sharer','toolbar=0,status=0,width=626,height=436');\r\n\t\t\treturn false;\r\n\t\t}\r\n\t\r\n\t\tif (button.id === 'facebook_share_button_747') {\r\n\t\t\tbutton.onmouseover = function(){\r\n\t\t\t\tthis.style.color='#fff';\r\n\t\t\t\tthis.style.borderColor = '#295582';\r\n\t\t\t\tthis.style.backgroundColor = '#3b5998';\r\n\t\t\t}\r\n\t\t\tbutton.onmouseout = function(){\r\n\t\t\t\tthis.style.color = '#3b5998';\r\n\t\t\t\tthis.style.borderColor = '#d8dfea';\r\n\t\t\t\tthis.style.backgroundColor = '#fff';\r\n\t\t\t}\r\n\t\t}\r\n\t}\r\n\t-->\r\n\t<\/script>\r\n\t","protected":false},"author":3,"featured_media":0,"parent":720,"menu_order":0,"comment_status":"closed","ping_status":"closed","template":"onecolumn-page.php","meta":[],"_links":{"self":[{"href":"https:\/\/www.dance-fields.de\/en\/wp-json\/wp\/v2\/pages\/747"}],"collection":[{"href":"https:\/\/www.dance-fields.de\/en\/wp-json\/wp\/v2\/pages"}],"about":[{"href":"https:\/\/www.dance-fields.de\/en\/wp-json\/wp\/v2\/types\/page"}],"author":[{"embeddable":true,"href":"https:\/\/www.dance-fields.de\/en\/wp-json\/wp\/v2\/users\/3"}],"replies":[{"embeddable":true,"href":"https:\/\/www.dance-fields.de\/en\/wp-json\/wp\/v2\/comments?post=747"}],"version-history":[{"count":24,"href":"https:\/\/www.dance-fields.de\/en\/wp-json\/wp\/v2\/pages\/747\/revisions"}],"predecessor-version":[{"id":762,"href":"https:\/\/www.dance-fields.de\/en\/wp-json\/wp\/v2\/pages\/747\/revisions\/762"}],"up":[{"embeddable":true,"href":"https:\/\/www.dance-fields.de\/en\/wp-json\/wp\/v2\/pages\/720"}],"wp:attachment":[{"href":"https:\/\/www.dance-fields.de\/en\/wp-json\/wp\/v2\/media?parent=747"}],"curies":[{"name":"wp","href":"https:\/\/api.w.org\/{rel}","templated":true}]}}